{"id":1852,"date":"2018-10-29T09:56:05","date_gmt":"2018-10-29T08:56:05","guid":{"rendered":"https:\/\/recuperaspa.com\/?page_id=1852"},"modified":"2018-10-29T09:58:42","modified_gmt":"2018-10-29T08:58:42","slug":"posebne-ponude","status":"publish","type":"page","link":"https:\/\/recuperaspa.com\/en\/posebne-ponude\/","title":{"rendered":"Special offers"},"content":{"rendered":"<p>Dolaskom hladnijih dana na\u0161 spa centar po\u010dinje \u017eivjeti punim plu\u0107ima, sukladno tome napravili smo posebne ponude za razne tretmane uljep\u0161avanja. Izme\u0111u ostalog, u ponudi se nalaze i moderni tretmani Med Contour (najbolja alternativa operativnoj liposukciji), Med Visage (tzv. ne kirur\u0161ko zatezanje lica), Mikrodermoabrazija te trajno uklanjanje dla\u010dica suvremenim laserom.<\/p>\n<p>Prije svakog tretmana mo\u017eete se podrobno konzultirati s na\u0161im terapeutima kako bi postigli optimalne rezultate. Konzultacije uklju\u010duju i posebne kompjuterske analize tijela ili ko\u017ee, ovisno za koji tretman ste se odlu\u010dili.<\/p>\n<p>\u010cekamo Vas!<\/p>\n<div class=\"frm_forms  with_frm_style frm_style_formidable-style\" id=\"frm_form_7_container\" >\n<form enctype=\"multipart\/form-data\" method=\"post\" class=\"frm-show-form  frm_js_validate  frm_ajax_submit  frm_pro_form \" id=\"form_contact2\"  >\n<div class=\"frm_form_fields \">\n<fieldset>\n<legend class=\"frm_screen_reader\">Booking Forma 2024<\/legend>\r\n\r\n<div class=\"frm_fields_container\">\n<input type=\"hidden\" name=\"frm_action\" value=\"create\" \/>\n<input type=\"hidden\" name=\"form_id\" value=\"7\" \/>\n<input type=\"hidden\" name=\"frm_hide_fields_7\" id=\"frm_hide_fields_7\" value=\"\" \/>\n<input type=\"hidden\" name=\"form_key\" value=\"contact2\" \/>\n<input type=\"hidden\" name=\"item_meta[0]\" value=\"\" \/>\n<input type=\"hidden\" id=\"frm_submit_entry_7\" name=\"frm_submit_entry_7\" value=\"f798e34ef4\" \/><input type=\"hidden\" name=\"_wp_http_referer\" value=\"\/en\/wp-json\/wp\/v2\/pages\/1852\" \/><div id=\"frm_field_80_container\" class=\"frm_form_field frm_section_heading form-field \">\r\n<h3 class=\"frm_pos_top frm_section_spacing\">PO\u0160ALJITE UPIT<\/h3>\r\n\r\n\r\n<\/div>\n<div id=\"frm_field_71_container\" class=\"frm_form_field form-field  frm_required_field frm_inside_container frm_full\">\r\n    <label for=\"field_29yf4d3\" class=\"frm_primary_label\">Email\r\n        <span class=\"frm_required\"><\/span>\r\n    <\/label>\r\n    <input type=\"email\" id=\"field_29yf4d3\" name=\"item_meta[71]\" value=\"\"  data-reqmsg=\"This field cannot be blank.\" aria-required=\"true\" data-invmsg=\"Please enter a valid email address\" aria-invalid=\"false\"  \/>\r\n    \r\n    \r\n<\/div>\n<div id=\"frm_field_72_container\" class=\"frm_form_field form-field  frm_required_field frm_top_container frm_full\">\r\n    <label for=\"field_9jv0r13\" class=\"frm_primary_label\">Poruka\r\n        <span class=\"frm_required\"><\/span>\r\n    <\/label>\r\n    <textarea name=\"item_meta[72]\" id=\"field_9jv0r13\" rows=\"5\"  data-reqmsg=\"This field cannot be blank.\" aria-required=\"true\" data-invmsg=\"Poruka is invalid\" aria-invalid=\"false\"  ><\/textarea>\r\n    \r\n    \r\n<\/div>\n\t<input type=\"hidden\" name=\"item_key\" value=\"\" \/>\n\t\t\t\t<div class=\"frm__65d88fa863775\" aria-hidden=\"true\">\n\t\t\t\t<label for=\"frm_email_7\">\n\t\t\t\t\tIf you are human, leave this field blank.\t\t\t\t<\/label>\n\t\t\t\t<input  id=\"frm_email_7\" type=\"text\" class=\"frm_verify\" name=\"frm__65d88fa863775\" value=\"\" autocomplete=\"false\"  \/>\n\t\t\t<\/div>\n\t\t<input name=\"frm_state\" type=\"hidden\" value=\"gcrDgVvxWQMjs+i5TX6bbmpu193e+SxFndfdCpK3wiI=\" \/><div class=\"frm_submit\">\r\n\r\n<button class=\"frm_button_submit frm_final_submit\" type=\"submit\"   formnovalidate=\"formnovalidate\">Po\u0161alji<\/button>\r\n\r\n<\/div><\/div>\n<\/fieldset>\n<\/div>\n<\/form>\n<\/div>\n\n","protected":false},"excerpt":{"rendered":"<p>Dolaskom hladnijih dana na\u0161 spa centar po\u010dinje \u017eivjeti punim plu\u0107ima, sukladno tome napravili smo posebne ponude za razne tretmane uljep\u0161avanja. Izme\u0111u ostalog, u ponudi se nalaze i moderni tretmani Med Contour (najbolja alternativa operativnoj liposukciji), Med Visage (tzv. ne kirur\u0161ko zatezanje lica), Mikrodermoabrazija te trajno uklanjanje dla\u010dica suvremenim laserom. Prije svakog tretmana mo\u017eete se podrobno [&hellip;]<\/p>\n","protected":false},"author":3,"featured_media":705,"parent":0,"menu_order":0,"comment_status":"closed","ping_status":"closed","template":"templates\/flexible.php","meta":{"_mi_skip_tracking":false,"_monsterinsights_sitenote_active":false,"_monsterinsights_sitenote_note":"","_monsterinsights_sitenote_category":0,"footnotes":""},"class_list":["post-1852","page","type-page","status-publish","has-post-thumbnail","hentry"],"acf":[],"yoast_head":"<!-- This site is optimized with the Yoast SEO plugin v21.3 - https:\/\/yoast.com\/wordpress\/plugins\/seo\/ -->\n<title>Special offers - RE:CUPERA Wellness and Spa<\/title>\n<meta name=\"robots\" content=\"index, follow, max-snippet:-1, max-image-preview:large, max-video-preview:-1\" \/>\n<link rel=\"canonical\" href=\"https:\/\/recuperaspa.com\/posebne-ponude\/\" \/>\n<meta property=\"og:locale\" content=\"en_US\" \/>\n<meta property=\"og:type\" content=\"article\" \/>\n<meta property=\"og:title\" content=\"Special offers - RE:CUPERA Wellness and Spa\" \/>\n<meta property=\"og:description\" content=\"Dolaskom hladnijih dana na\u0161 spa centar po\u010dinje \u017eivjeti punim plu\u0107ima, sukladno tome napravili smo posebne ponude za razne tretmane uljep\u0161avanja. Izme\u0111u ostalog, u ponudi se nalaze i moderni tretmani Med Contour (najbolja alternativa operativnoj liposukciji), Med Visage (tzv. ne kirur\u0161ko zatezanje lica), Mikrodermoabrazija te trajno uklanjanje dla\u010dica suvremenim laserom. Prije svakog tretmana mo\u017eete se podrobno [&hellip;]\" \/>\n<meta property=\"og:url\" content=\"https:\/\/recuperaspa.com\/posebne-ponude\/\" \/>\n<meta property=\"og:site_name\" content=\"RE:CUPERA Wellness and Spa\" \/>\n<meta property=\"article:publisher\" content=\"https:\/\/www.facebook.com\/RecuperaWellnessAndSpa\" \/>\n<meta property=\"article:modified_time\" content=\"2018-10-29T08:58:42+00:00\" \/>\n<meta property=\"og:image\" content=\"https:\/\/recuperaspa.com\/wp-content\/uploads\/2018\/06\/recupera-006.jpg\" \/>\n\t<meta property=\"og:image:width\" content=\"2000\" \/>\n\t<meta property=\"og:image:height\" content=\"1333\" \/>\n\t<meta property=\"og:image:type\" content=\"image\/jpeg\" \/>\n<meta name=\"twitter:card\" content=\"summary_large_image\" \/>\n<script type=\"application\/ld+json\" class=\"yoast-schema-graph\">{\"@context\":\"https:\/\/schema.org\",\"@graph\":[{\"@type\":\"WebPage\",\"@id\":\"https:\/\/recuperaspa.com\/posebne-ponude\/\",\"url\":\"https:\/\/recuperaspa.com\/posebne-ponude\/\",\"name\":\"Special offers - RE:CUPERA Wellness and Spa\",\"isPartOf\":{\"@id\":\"https:\/\/recuperaspa.com\/#website\"},\"datePublished\":\"2018-10-29T08:56:05+00:00\",\"dateModified\":\"2018-10-29T08:58:42+00:00\",\"breadcrumb\":{\"@id\":\"https:\/\/recuperaspa.com\/posebne-ponude\/#breadcrumb\"},\"inLanguage\":\"en-US\",\"potentialAction\":[{\"@type\":\"ReadAction\",\"target\":[\"https:\/\/recuperaspa.com\/posebne-ponude\/\"]}]},{\"@type\":\"BreadcrumbList\",\"@id\":\"https:\/\/recuperaspa.com\/posebne-ponude\/#breadcrumb\",\"itemListElement\":[{\"@type\":\"ListItem\",\"position\":1,\"name\":\"Home\",\"item\":\"https:\/\/recuperaspa.com\/en\/\"},{\"@type\":\"ListItem\",\"position\":2,\"name\":\"Special offers\"}]},{\"@type\":\"WebSite\",\"@id\":\"https:\/\/recuperaspa.com\/#website\",\"url\":\"https:\/\/recuperaspa.com\/\",\"name\":\"RE:CUPERA Wellness and Spa\",\"description\":\"Luxury spa center in Split, Croatia\",\"potentialAction\":[{\"@type\":\"SearchAction\",\"target\":{\"@type\":\"EntryPoint\",\"urlTemplate\":\"https:\/\/recuperaspa.com\/?s={search_term_string}\"},\"query-input\":\"required name=search_term_string\"}],\"inLanguage\":\"en-US\"}]}<\/script>\n<!-- \/ Yoast SEO plugin. -->","yoast_head_json":{"title":"Special offers - RE:CUPERA Wellness and Spa","robots":{"index":"index","follow":"follow","max-snippet":"max-snippet:-1","max-image-preview":"max-image-preview:large","max-video-preview":"max-video-preview:-1"},"canonical":"https:\/\/recuperaspa.com\/posebne-ponude\/","og_locale":"en_US","og_type":"article","og_title":"Special offers - RE:CUPERA Wellness and Spa","og_description":"Dolaskom hladnijih dana na\u0161 spa centar po\u010dinje \u017eivjeti punim plu\u0107ima, sukladno tome napravili smo posebne ponude za razne tretmane uljep\u0161avanja. Izme\u0111u ostalog, u ponudi se nalaze i moderni tretmani Med Contour (najbolja alternativa operativnoj liposukciji), Med Visage (tzv. ne kirur\u0161ko zatezanje lica), Mikrodermoabrazija te trajno uklanjanje dla\u010dica suvremenim laserom. Prije svakog tretmana mo\u017eete se podrobno [&hellip;]","og_url":"https:\/\/recuperaspa.com\/posebne-ponude\/","og_site_name":"RE:CUPERA Wellness and Spa","article_publisher":"https:\/\/www.facebook.com\/RecuperaWellnessAndSpa","article_modified_time":"2018-10-29T08:58:42+00:00","og_image":[{"width":2000,"height":1333,"url":"https:\/\/recuperaspa.com\/wp-content\/uploads\/2018\/06\/recupera-006.jpg","type":"image\/jpeg"}],"twitter_card":"summary_large_image","schema":{"@context":"https:\/\/schema.org","@graph":[{"@type":"WebPage","@id":"https:\/\/recuperaspa.com\/posebne-ponude\/","url":"https:\/\/recuperaspa.com\/posebne-ponude\/","name":"Special offers - RE:CUPERA Wellness and Spa","isPartOf":{"@id":"https:\/\/recuperaspa.com\/#website"},"datePublished":"2018-10-29T08:56:05+00:00","dateModified":"2018-10-29T08:58:42+00:00","breadcrumb":{"@id":"https:\/\/recuperaspa.com\/posebne-ponude\/#breadcrumb"},"inLanguage":"en-US","potentialAction":[{"@type":"ReadAction","target":["https:\/\/recuperaspa.com\/posebne-ponude\/"]}]},{"@type":"BreadcrumbList","@id":"https:\/\/recuperaspa.com\/posebne-ponude\/#breadcrumb","itemListElement":[{"@type":"ListItem","position":1,"name":"Home","item":"https:\/\/recuperaspa.com\/en\/"},{"@type":"ListItem","position":2,"name":"Special offers"}]},{"@type":"WebSite","@id":"https:\/\/recuperaspa.com\/#website","url":"https:\/\/recuperaspa.com\/","name":"RE:CUPERA Wellness and Spa","description":"Luxury spa center in Split, Croatia","potentialAction":[{"@type":"SearchAction","target":{"@type":"EntryPoint","urlTemplate":"https:\/\/recuperaspa.com\/?s={search_term_string}"},"query-input":"required name=search_term_string"}],"inLanguage":"en-US"}]}},"_links":{"self":[{"href":"https:\/\/recuperaspa.com\/en\/wp-json\/wp\/v2\/pages\/1852","targetHints":{"allow":["GET"]}}],"collection":[{"href":"https:\/\/recuperaspa.com\/en\/wp-json\/wp\/v2\/pages"}],"about":[{"href":"https:\/\/recuperaspa.com\/en\/wp-json\/wp\/v2\/types\/page"}],"author":[{"embeddable":true,"href":"https:\/\/recuperaspa.com\/en\/wp-json\/wp\/v2\/users\/3"}],"replies":[{"embeddable":true,"href":"https:\/\/recuperaspa.com\/en\/wp-json\/wp\/v2\/comments?post=1852"}],"version-history":[{"count":2,"href":"https:\/\/recuperaspa.com\/en\/wp-json\/wp\/v2\/pages\/1852\/revisions"}],"predecessor-version":[{"id":1854,"href":"https:\/\/recuperaspa.com\/en\/wp-json\/wp\/v2\/pages\/1852\/revisions\/1854"}],"wp:featuredmedia":[{"embeddable":true,"href":"https:\/\/recuperaspa.com\/en\/wp-json\/wp\/v2\/media\/705"}],"wp:attachment":[{"href":"https:\/\/recuperaspa.com\/en\/wp-json\/wp\/v2\/media?parent=1852"}],"curies":[{"name":"wp","href":"https:\/\/api.w.org\/{rel}","templated":true}]}}