{"id":2271,"date":"2019-06-27T13:58:10","date_gmt":"2019-06-27T11:58:10","guid":{"rendered":"https:\/\/recuperaspa.com\/?page_id=2271"},"modified":"2019-06-27T14:00:26","modified_gmt":"2019-06-27T12:00:26","slug":"cookies","status":"publish","type":"page","link":"https:\/\/recuperaspa.com\/en\/cookies\/","title":{"rendered":"Cookie Policy"},"content":{"rendered":"<p>Our Cookie Policy explains what cookies are, how we use cookies, what are your choices regarding cookies and where you can find further information about cookies. By using this Site, you consent to the use of cookies.<\/p>\n<h3><strong>What are cookies?<\/strong><\/h3>\n<p>Cookies are small text files stored on your computer by the web site you visit. Cookies usually remember your personal or website settings, like your preferred language or address. Later, when you visit the same website, your browser returns these text files belonging to that website. This enables the website to display information adjusted to your preferences.<\/p>\n<p>Cookies can store a whole host of information including personal information (like your name or e-mail). However, this information can be stored only if you enable it \u2013 websites cannot gain access to information you did not provide, nor can they access other files on your computer. Saved settings for storing and sending cookies are not visible. However, you can change the settings of your Internet browser and choose to allow or disallow cookie requests, or delete stored cookies after closing your browser.<\/p>\n<h3><strong>Which cookies do we use and why?<\/strong><\/h3>\n<p>Session cookies are deleted after closing your browser. They are used for storing temporary data, like the content of your shopping cart. We may use them to enable access to our content.<\/p>\n<p>Persistent cookies remain on your computer even after closing your browser. Websites use them to store data, like your username or password, sparing you from having to log in every time you visit a website. Persistent cookies will stay on your computer for days, months, even years. We use persistent cookies to understand habits of our users better and to improve the website according to your needs. This information is anonymous \u2013 we cannot see individual user data.<\/p>\n<h3><strong>Cookies list<\/strong><\/h3>\n<p>Google Analytics<\/p>\n<p>Site performance<\/p>\n<p>Behavioural marketing<\/p>\n<h3><strong>What are your choices regarding cookies<\/strong><\/h3>\n<p>All cookies set by RE:CUPERA Wellness and Spa are mandatory.<\/p>\n<p>By disabling cookies, you decide to not allow cookies to be stored on your computer. Cookie settings can be controlled and configurated in your browser. To find information on adjusting your cookie settings, choose the browser you use.<\/p>\n<p><a href=\"https:\/\/support.google.com\/accounts\/answer\/61416?hl=en\" target=\"_blank\" rel=\"external noopener noreferrer\" data-wpel-link=\"external\">Chrome<\/a><br \/>\n<a href=\"https:\/\/support.mozilla.org\/en-US\/kb\/enable-and-disable-cookies-website-preferences\" target=\"_blank\" rel=\"external noopener noreferrer\" data-wpel-link=\"external\">Firefox<\/a><br \/>\n<a href=\"https:\/\/support.microsoft.com\/en-us\/help\/17442\/windows-internet-explorer-delete-manage-cookies\" target=\"_blank\" rel=\"external noopener noreferrer\" data-wpel-link=\"external\">Internet Explorer<\/a><br \/>\n<a href=\"https:\/\/www.opera.com\/help\/tutorials\/security\/privacy\/\" target=\"_blank\" rel=\"external noopener noreferrer\" data-wpel-link=\"external\">Opera<\/a><br \/>\n<a href=\"https:\/\/support.apple.com\/kb\/PH17191?locale=hr_HR\" target=\"_blank\" rel=\"external noopener noreferrer\" data-wpel-link=\"external\">Safari<\/a><\/p>\n<p>Please note, however, by blocking cookies you will still be able to browse this website, but some of its features might not be available.<\/p>\n<p>To find more about cookies, including how to see what cookies have been set and how to manage and delete them, visit\u00a0<a href=\"http:\/\/www.allaboutcookies.org\/\" target=\"_blank\" rel=\"external noopener noreferrer\" data-wpel-link=\"external\">www.allaboutcookies.org<\/a>\u00a0or\u00a0<a href=\"http:\/\/www.youronlinechoices.eu\/\" target=\"_blank\" rel=\"external noopener noreferrer\" data-wpel-link=\"external\">www.youronlinechoices.eu<\/a>. To opt out of being tracked by Google Analytics across all websites visit this website\u00a0<a href=\"https:\/\/tools.google.com\/dlpage\/gaoptout\" target=\"_blank\" rel=\"external noopener noreferrer\" data-wpel-link=\"external\">http:\/\/tools.google.com\/dlpage\/gaoptout<\/a>.<\/p>\n<h3>Contacts<\/h3>\n<p>For more information you may contact us at dpo@lemeridiensplit.com.<\/p>\n","protected":false},"excerpt":{"rendered":"<p>Our Cookie Policy explains what cookies are, how we use cookies, what are your choices regarding cookies and where you can find further information about cookies. By using this Site, you consent to the use of cookies. What are cookies? Cookies are small text files stored on your computer by the web site you visit. [&hellip;]<\/p>\n","protected":false},"author":3,"featured_media":376,"parent":0,"menu_order":0,"comment_status":"closed","ping_status":"open","template":"","meta":{"_mi_skip_tracking":false,"_monsterinsights_sitenote_active":false,"_monsterinsights_sitenote_note":"","_monsterinsights_sitenote_category":0,"footnotes":""},"class_list":["post-2271","page","type-page","status-publish","has-post-thumbnail","hentry"],"acf":[],"yoast_head":"<!-- This site is optimized with the Yoast SEO plugin v21.3 - https:\/\/yoast.com\/wordpress\/plugins\/seo\/ -->\n<title>Cookie Policy - RE:CUPERA Wellness and Spa<\/title>\n<meta name=\"description\" content=\"Kola\u010di\u0107i su kori\u0161teni u svrhu prepoznavanja dolaska korisnika na web-stranice, kako bi zapamtili Va\u0161e preferencije\" \/>\n<meta name=\"robots\" content=\"index, follow, max-snippet:-1, max-image-preview:large, max-video-preview:-1\" \/>\n<link rel=\"canonical\" href=\"https:\/\/recuperaspa.com\/en\/cookies\/\" \/>\n<meta property=\"og:locale\" content=\"en_US\" \/>\n<meta property=\"og:type\" content=\"article\" \/>\n<meta property=\"og:title\" content=\"Cookie Policy - RE:CUPERA Wellness and Spa\" \/>\n<meta property=\"og:description\" content=\"Kola\u010di\u0107i su kori\u0161teni u svrhu prepoznavanja dolaska korisnika na web-stranice, kako bi zapamtili Va\u0161e preferencije\" \/>\n<meta property=\"og:url\" content=\"https:\/\/recuperaspa.com\/en\/cookies\/\" \/>\n<meta property=\"og:site_name\" content=\"RE:CUPERA Wellness and Spa\" \/>\n<meta property=\"article:publisher\" content=\"https:\/\/www.facebook.com\/RecuperaWellnessAndSpa\" \/>\n<meta property=\"article:modified_time\" content=\"2019-06-27T12:00:26+00:00\" \/>\n<meta property=\"og:image\" content=\"https:\/\/recuperaspa.com\/wp-content\/uploads\/2018\/07\/recupera-021.jpg\" \/>\n\t<meta property=\"og:image:width\" content=\"6306\" \/>\n\t<meta property=\"og:image:height\" content=\"3547\" \/>\n\t<meta property=\"og:image:type\" content=\"image\/jpeg\" \/>\n<meta name=\"twitter:card\" content=\"summary_large_image\" \/>\n<meta name=\"twitter:label1\" content=\"Est. reading time\" \/>\n\t<meta name=\"twitter:data1\" content=\"2 minutes\" \/>\n<script type=\"application\/ld+json\" class=\"yoast-schema-graph\">{\"@context\":\"https:\/\/schema.org\",\"@graph\":[{\"@type\":\"WebPage\",\"@id\":\"https:\/\/recuperaspa.com\/en\/cookies\/\",\"url\":\"https:\/\/recuperaspa.com\/en\/cookies\/\",\"name\":\"Cookie Policy - RE:CUPERA Wellness and Spa\",\"isPartOf\":{\"@id\":\"https:\/\/recuperaspa.com\/#website\"},\"datePublished\":\"2019-06-27T11:58:10+00:00\",\"dateModified\":\"2019-06-27T12:00:26+00:00\",\"description\":\"Kola\u010di\u0107i su kori\u0161teni u svrhu prepoznavanja dolaska korisnika na web-stranice, kako bi zapamtili Va\u0161e preferencije\",\"breadcrumb\":{\"@id\":\"https:\/\/recuperaspa.com\/en\/cookies\/#breadcrumb\"},\"inLanguage\":\"en-US\",\"potentialAction\":[{\"@type\":\"ReadAction\",\"target\":[\"https:\/\/recuperaspa.com\/en\/cookies\/\"]}]},{\"@type\":\"BreadcrumbList\",\"@id\":\"https:\/\/recuperaspa.com\/en\/cookies\/#breadcrumb\",\"itemListElement\":[{\"@type\":\"ListItem\",\"position\":1,\"name\":\"Home\",\"item\":\"https:\/\/recuperaspa.com\/en\/\"},{\"@type\":\"ListItem\",\"position\":2,\"name\":\"Cookie Policy\"}]},{\"@type\":\"WebSite\",\"@id\":\"https:\/\/recuperaspa.com\/#website\",\"url\":\"https:\/\/recuperaspa.com\/\",\"name\":\"RE:CUPERA Wellness and Spa\",\"description\":\"Luxury spa center in Split, Croatia\",\"potentialAction\":[{\"@type\":\"SearchAction\",\"target\":{\"@type\":\"EntryPoint\",\"urlTemplate\":\"https:\/\/recuperaspa.com\/?s={search_term_string}\"},\"query-input\":\"required name=search_term_string\"}],\"inLanguage\":\"en-US\"}]}<\/script>\n<!-- \/ Yoast SEO plugin. -->","yoast_head_json":{"title":"Cookie Policy - RE:CUPERA Wellness and Spa","description":"Kola\u010di\u0107i su kori\u0161teni u svrhu prepoznavanja dolaska korisnika na web-stranice, kako bi zapamtili Va\u0161e preferencije","robots":{"index":"index","follow":"follow","max-snippet":"max-snippet:-1","max-image-preview":"max-image-preview:large","max-video-preview":"max-video-preview:-1"},"canonical":"https:\/\/recuperaspa.com\/en\/cookies\/","og_locale":"en_US","og_type":"article","og_title":"Cookie Policy - RE:CUPERA Wellness and Spa","og_description":"Kola\u010di\u0107i su kori\u0161teni u svrhu prepoznavanja dolaska korisnika na web-stranice, kako bi zapamtili Va\u0161e preferencije","og_url":"https:\/\/recuperaspa.com\/en\/cookies\/","og_site_name":"RE:CUPERA Wellness and Spa","article_publisher":"https:\/\/www.facebook.com\/RecuperaWellnessAndSpa","article_modified_time":"2019-06-27T12:00:26+00:00","og_image":[{"width":6306,"height":3547,"url":"https:\/\/recuperaspa.com\/wp-content\/uploads\/2018\/07\/recupera-021.jpg","type":"image\/jpeg"}],"twitter_card":"summary_large_image","twitter_misc":{"Est. reading time":"2 minutes"},"schema":{"@context":"https:\/\/schema.org","@graph":[{"@type":"WebPage","@id":"https:\/\/recuperaspa.com\/en\/cookies\/","url":"https:\/\/recuperaspa.com\/en\/cookies\/","name":"Cookie Policy - RE:CUPERA Wellness and Spa","isPartOf":{"@id":"https:\/\/recuperaspa.com\/#website"},"datePublished":"2019-06-27T11:58:10+00:00","dateModified":"2019-06-27T12:00:26+00:00","description":"Kola\u010di\u0107i su kori\u0161teni u svrhu prepoznavanja dolaska korisnika na web-stranice, kako bi zapamtili Va\u0161e preferencije","breadcrumb":{"@id":"https:\/\/recuperaspa.com\/en\/cookies\/#breadcrumb"},"inLanguage":"en-US","potentialAction":[{"@type":"ReadAction","target":["https:\/\/recuperaspa.com\/en\/cookies\/"]}]},{"@type":"BreadcrumbList","@id":"https:\/\/recuperaspa.com\/en\/cookies\/#breadcrumb","itemListElement":[{"@type":"ListItem","position":1,"name":"Home","item":"https:\/\/recuperaspa.com\/en\/"},{"@type":"ListItem","position":2,"name":"Cookie Policy"}]},{"@type":"WebSite","@id":"https:\/\/recuperaspa.com\/#website","url":"https:\/\/recuperaspa.com\/","name":"RE:CUPERA Wellness and Spa","description":"Luxury spa center in Split, Croatia","potentialAction":[{"@type":"SearchAction","target":{"@type":"EntryPoint","urlTemplate":"https:\/\/recuperaspa.com\/?s={search_term_string}"},"query-input":"required name=search_term_string"}],"inLanguage":"en-US"}]}},"_links":{"self":[{"href":"https:\/\/recuperaspa.com\/en\/wp-json\/wp\/v2\/pages\/2271","targetHints":{"allow":["GET"]}}],"collection":[{"href":"https:\/\/recuperaspa.com\/en\/wp-json\/wp\/v2\/pages"}],"about":[{"href":"https:\/\/recuperaspa.com\/en\/wp-json\/wp\/v2\/types\/page"}],"author":[{"embeddable":true,"href":"https:\/\/recuperaspa.com\/en\/wp-json\/wp\/v2\/users\/3"}],"replies":[{"embeddable":true,"href":"https:\/\/recuperaspa.com\/en\/wp-json\/wp\/v2\/comments?post=2271"}],"version-history":[{"count":3,"href":"https:\/\/recuperaspa.com\/en\/wp-json\/wp\/v2\/pages\/2271\/revisions"}],"predecessor-version":[{"id":2278,"href":"https:\/\/recuperaspa.com\/en\/wp-json\/wp\/v2\/pages\/2271\/revisions\/2278"}],"wp:featuredmedia":[{"embeddable":true,"href":"https:\/\/recuperaspa.com\/en\/wp-json\/wp\/v2\/media\/376"}],"wp:attachment":[{"href":"https:\/\/recuperaspa.com\/en\/wp-json\/wp\/v2\/media?parent=2271"}],"curies":[{"name":"wp","href":"https:\/\/api.w.org\/{rel}","templated":true}]}}