{"id":2306,"date":"2019-09-25T15:59:57","date_gmt":"2019-09-25T13:59:57","guid":{"rendered":"https:\/\/recuperaspa.com\/?page_id=2306"},"modified":"2019-11-05T15:09:28","modified_gmt":"2019-11-05T14:09:28","slug":"our_philosophy","status":"publish","type":"page","link":"https:\/\/recuperaspa.com\/en\/our_philosophy\/","title":{"rendered":"Our philosophy"},"content":{"rendered":"","protected":false},"excerpt":{"rendered":"","protected":false},"author":3,"featured_media":0,"parent":0,"menu_order":0,"comment_status":"closed","ping_status":"closed","template":"templates\/flexible.php","meta":{"_mi_skip_tracking":false,"_monsterinsights_sitenote_active":false,"_monsterinsights_sitenote_note":"","_monsterinsights_sitenote_category":0,"footnotes":""},"class_list":["post-2306","page","type-page","status-publish","hentry"],"acf":[],"yoast_head":"<!-- This site is optimized with the Yoast SEO plugin v21.3 - https:\/\/yoast.com\/wordpress\/plugins\/seo\/ -->\n<title>Our philosophy - RE:CUPERA Wellness and Spa<\/title>\n<meta name=\"description\" content=\"Na\u0161a filozofija je holisti\u010dki pristup wellnessu. Koji god razlog Va\u0161eg dolaska bio, nezaboravno putovanje kroz svijet RE:CUPERE Vas \u010deka.\" \/>\n<meta name=\"robots\" content=\"index, follow, max-snippet:-1, max-image-preview:large, max-video-preview:-1\" \/>\n<link rel=\"canonical\" href=\"https:\/\/recuperaspa.com\/en\/our_philosophy\/\" \/>\n<meta property=\"og:locale\" content=\"en_US\" \/>\n<meta property=\"og:type\" content=\"article\" \/>\n<meta property=\"og:title\" content=\"Our philosophy - RE:CUPERA Wellness and Spa\" \/>\n<meta property=\"og:description\" content=\"Na\u0161a filozofija je holisti\u010dki pristup wellnessu. Koji god razlog Va\u0161eg dolaska bio, nezaboravno putovanje kroz svijet RE:CUPERE Vas \u010deka.\" \/>\n<meta property=\"og:url\" content=\"https:\/\/recuperaspa.com\/en\/our_philosophy\/\" \/>\n<meta property=\"og:site_name\" content=\"RE:CUPERA Wellness and Spa\" \/>\n<meta property=\"article:publisher\" content=\"https:\/\/www.facebook.com\/RecuperaWellnessAndSpa\" \/>\n<meta property=\"article:modified_time\" content=\"2019-11-05T14:09:28+00:00\" \/>\n<meta name=\"twitter:card\" content=\"summary_large_image\" \/>\n<script type=\"application\/ld+json\" class=\"yoast-schema-graph\">{\"@context\":\"https:\/\/schema.org\",\"@graph\":[{\"@type\":\"WebPage\",\"@id\":\"https:\/\/recuperaspa.com\/en\/our_philosophy\/\",\"url\":\"https:\/\/recuperaspa.com\/en\/our_philosophy\/\",\"name\":\"Our philosophy - RE:CUPERA Wellness and Spa\",\"isPartOf\":{\"@id\":\"https:\/\/recuperaspa.com\/#website\"},\"datePublished\":\"2019-09-25T13:59:57+00:00\",\"dateModified\":\"2019-11-05T14:09:28+00:00\",\"description\":\"Na\u0161a filozofija je holisti\u010dki pristup wellnessu. Koji god razlog Va\u0161eg dolaska bio, nezaboravno putovanje kroz svijet RE:CUPERE Vas \u010deka.\",\"breadcrumb\":{\"@id\":\"https:\/\/recuperaspa.com\/en\/our_philosophy\/#breadcrumb\"},\"inLanguage\":\"en-US\",\"potentialAction\":[{\"@type\":\"ReadAction\",\"target\":[\"https:\/\/recuperaspa.com\/en\/our_philosophy\/\"]}]},{\"@type\":\"BreadcrumbList\",\"@id\":\"https:\/\/recuperaspa.com\/en\/our_philosophy\/#breadcrumb\",\"itemListElement\":[{\"@type\":\"ListItem\",\"position\":1,\"name\":\"Home\",\"item\":\"https:\/\/recuperaspa.com\/en\/\"},{\"@type\":\"ListItem\",\"position\":2,\"name\":\"Our philosophy\"}]},{\"@type\":\"WebSite\",\"@id\":\"https:\/\/recuperaspa.com\/#website\",\"url\":\"https:\/\/recuperaspa.com\/\",\"name\":\"RE:CUPERA Wellness and Spa\",\"description\":\"Luxury spa center in Split, Croatia\",\"potentialAction\":[{\"@type\":\"SearchAction\",\"target\":{\"@type\":\"EntryPoint\",\"urlTemplate\":\"https:\/\/recuperaspa.com\/?s={search_term_string}\"},\"query-input\":\"required name=search_term_string\"}],\"inLanguage\":\"en-US\"}]}<\/script>\n<!-- \/ Yoast SEO plugin. -->","yoast_head_json":{"title":"Our philosophy - RE:CUPERA Wellness and Spa","description":"Na\u0161a filozofija je holisti\u010dki pristup wellnessu. Koji god razlog Va\u0161eg dolaska bio, nezaboravno putovanje kroz svijet RE:CUPERE Vas \u010deka.","robots":{"index":"index","follow":"follow","max-snippet":"max-snippet:-1","max-image-preview":"max-image-preview:large","max-video-preview":"max-video-preview:-1"},"canonical":"https:\/\/recuperaspa.com\/en\/our_philosophy\/","og_locale":"en_US","og_type":"article","og_title":"Our philosophy - RE:CUPERA Wellness and Spa","og_description":"Na\u0161a filozofija je holisti\u010dki pristup wellnessu. Koji god razlog Va\u0161eg dolaska bio, nezaboravno putovanje kroz svijet RE:CUPERE Vas \u010deka.","og_url":"https:\/\/recuperaspa.com\/en\/our_philosophy\/","og_site_name":"RE:CUPERA Wellness and Spa","article_publisher":"https:\/\/www.facebook.com\/RecuperaWellnessAndSpa","article_modified_time":"2019-11-05T14:09:28+00:00","twitter_card":"summary_large_image","schema":{"@context":"https:\/\/schema.org","@graph":[{"@type":"WebPage","@id":"https:\/\/recuperaspa.com\/en\/our_philosophy\/","url":"https:\/\/recuperaspa.com\/en\/our_philosophy\/","name":"Our philosophy - RE:CUPERA Wellness and Spa","isPartOf":{"@id":"https:\/\/recuperaspa.com\/#website"},"datePublished":"2019-09-25T13:59:57+00:00","dateModified":"2019-11-05T14:09:28+00:00","description":"Na\u0161a filozofija je holisti\u010dki pristup wellnessu. Koji god razlog Va\u0161eg dolaska bio, nezaboravno putovanje kroz svijet RE:CUPERE Vas \u010deka.","breadcrumb":{"@id":"https:\/\/recuperaspa.com\/en\/our_philosophy\/#breadcrumb"},"inLanguage":"en-US","potentialAction":[{"@type":"ReadAction","target":["https:\/\/recuperaspa.com\/en\/our_philosophy\/"]}]},{"@type":"BreadcrumbList","@id":"https:\/\/recuperaspa.com\/en\/our_philosophy\/#breadcrumb","itemListElement":[{"@type":"ListItem","position":1,"name":"Home","item":"https:\/\/recuperaspa.com\/en\/"},{"@type":"ListItem","position":2,"name":"Our philosophy"}]},{"@type":"WebSite","@id":"https:\/\/recuperaspa.com\/#website","url":"https:\/\/recuperaspa.com\/","name":"RE:CUPERA Wellness and Spa","description":"Luxury spa center in Split, Croatia","potentialAction":[{"@type":"SearchAction","target":{"@type":"EntryPoint","urlTemplate":"https:\/\/recuperaspa.com\/?s={search_term_string}"},"query-input":"required name=search_term_string"}],"inLanguage":"en-US"}]}},"_links":{"self":[{"href":"https:\/\/recuperaspa.com\/en\/wp-json\/wp\/v2\/pages\/2306","targetHints":{"allow":["GET"]}}],"collection":[{"href":"https:\/\/recuperaspa.com\/en\/wp-json\/wp\/v2\/pages"}],"about":[{"href":"https:\/\/recuperaspa.com\/en\/wp-json\/wp\/v2\/types\/page"}],"author":[{"embeddable":true,"href":"https:\/\/recuperaspa.com\/en\/wp-json\/wp\/v2\/users\/3"}],"replies":[{"embeddable":true,"href":"https:\/\/recuperaspa.com\/en\/wp-json\/wp\/v2\/comments?post=2306"}],"version-history":[{"count":4,"href":"https:\/\/recuperaspa.com\/en\/wp-json\/wp\/v2\/pages\/2306\/revisions"}],"predecessor-version":[{"id":2518,"href":"https:\/\/recuperaspa.com\/en\/wp-json\/wp\/v2\/pages\/2306\/revisions\/2518"}],"wp:attachment":[{"href":"https:\/\/recuperaspa.com\/en\/wp-json\/wp\/v2\/media?parent=2306"}],"curies":[{"name":"wp","href":"https:\/\/api.w.org\/{rel}","templated":true}]}}